{"id":830,"date":"2026-03-02T11:44:22","date_gmt":"2026-03-02T08:44:22","guid":{"rendered":"https:\/\/arcworkdigital.com\/hayallergercekolsun\/?page_id=830"},"modified":"2026-03-07T02:22:31","modified_gmt":"2026-03-06T23:22:31","slug":"iletisim","status":"publish","type":"page","link":"https:\/\/arcworkdigital.com\/hayallergercekolsun\/iletisim\/","title":{"rendered":"\u0130leti\u015fim"},"content":{"rendered":"\t\t<div data-elementor-type=\"wp-page\" data-elementor-id=\"830\" class=\"elementor elementor-830\">\n\t\t\t\t<div class=\"elementor-element elementor-element-7aea5ab e-con-full e-flex e-con e-parent\" data-id=\"7aea5ab\" data-element_type=\"container\" data-e-type=\"container\">\n\t\t\t\t<div class=\"elementor-element elementor-element-4829c30 elementor-widget elementor-widget-html\" data-id=\"4829c30\" data-element_type=\"widget\" data-e-type=\"widget\" data-widget_type=\"html.default\">\n\t\t\t\t<div class=\"elementor-widget-container\">\n\t\t\t\t\t<!-- \u0130LET\u0130\u015e\u0130M HERO -->\r\n<style>\r\n.hgo-contact-hero {\r\n  --navy: #1a2d5a;\r\n  --gold: #f5a623;\r\n  --text-on-dark: #ffffff;\r\n  --text-dim: rgba(255, 255, 255, 0.7);\r\n  font-family: inherit;\r\n  background: var(--navy);\r\n  position: relative;\r\n  overflow: hidden;\r\n  padding: 80px 20px;\r\n  text-align: center;\r\n}\r\n.hgo-contact-hero::before {\r\n  content: '';\r\n  position: absolute;\r\n  inset: 0;\r\n  background:\r\n    radial-gradient(circle at 20% 80%, rgba(245, 166, 35, 0.08) 0%, transparent 50%),\r\n    radial-gradient(circle at 80% 20%, rgba(46, 204, 113, 0.05) 0%, transparent 50%);\r\n  pointer-events: none;\r\n}\r\n.hgo-contact-hero__inner {\r\n  position: relative;\r\n  z-index: 1;\r\n  max-width: 620px;\r\n  margin: 0 auto;\r\n}\r\n.hgo-contact-hero__eyebrow {\r\n  display: inline-flex;\r\n  align-items: center;\r\n  gap: 8px;\r\n  font-size: 13px;\r\n  font-weight: 700;\r\n  text-transform: uppercase;\r\n  letter-spacing: 2px;\r\n  color: var(--gold);\r\n  margin-bottom: 16px;\r\n}\r\n.hgo-contact-hero__eyebrow::before,\r\n.hgo-contact-hero__eyebrow::after {\r\n  content: '';\r\n  width: 24px;\r\n  height: 1px;\r\n  background: var(--gold);\r\n  opacity: 0.4;\r\n}\r\n.hgo-contact-hero__title {\r\n  font-size: clamp(32px, 5vw, 46px);\r\n  font-weight: 800;\r\n  color: var(--text-on-dark);\r\n  line-height: 1.15;\r\n  letter-spacing: -1px;\r\n  margin-bottom: 16px;\r\n  margin-top: 0;\r\n}\r\n.hgo-contact-hero__desc {\r\n  font-size: 17px;\r\n  color: var(--text-dim);\r\n  line-height: 1.7;\r\n  margin: 0;\r\n}\r\n@media (max-width: 600px) {\r\n  .hgo-contact-hero { padding: 56px 16px; }\r\n}\r\n<\/style>\r\n\r\n<section class=\"hgo-contact-hero\">\r\n  <div class=\"hgo-contact-hero__inner\">\r\n    <div class=\"hgo-contact-hero__eyebrow\">\u0130leti\u015fim<\/div>\r\n    <h1 class=\"hgo-contact-hero__title\">Bize Ula\u015f\u0131n<\/h1>\r\n    <p class=\"hgo-contact-hero__desc\">\r\n      Sorular\u0131n\u0131z, \u00f6nerileriniz veya i\u015fbirli\u011fi talepleriniz i\u00e7in bizimle ileti\u015fime ge\u00e7ebilirsiniz.\r\n    <\/p>\r\n  <\/div>\r\n<\/section>\t\t\t\t<\/div>\n\t\t\t\t<\/div>\n\t\t\t\t<\/div>\n\t\t<div class=\"elementor-element elementor-element-447bea5 e-flex e-con-boxed e-con e-parent\" data-id=\"447bea5\" data-element_type=\"container\" data-e-type=\"container\">\n\t\t\t\t\t<div class=\"e-con-inner\">\n\t\t<div class=\"elementor-element elementor-element-5c3bad8 e-con-full e-flex e-con e-child\" data-id=\"5c3bad8\" data-element_type=\"container\" data-e-type=\"container\">\n\t\t\t\t<div class=\"elementor-element elementor-element-d3f1e4f elementor-widget elementor-widget-html\" data-id=\"d3f1e4f\" data-element_type=\"widget\" data-e-type=\"widget\" data-widget_type=\"html.default\">\n\t\t\t\t<div class=\"elementor-widget-container\">\n\t\t\t\t\t<!-- \u0130LET\u0130\u015e\u0130M B\u0130LG\u0130LER\u0130 \u2014 Sol s\u00fctun -->\r\n<style>\r\n.hgo-contact-info {\r\n  --navy: #1a2d5a;\r\n  --gold: #f5a623;\r\n  --gold-soft: rgba(245, 166, 35, 0.08);\r\n  --text-primary: #1a1a2e;\r\n  --text-light: #8891a5;\r\n  --bg-light: #f8f9fc;\r\n  --border-light: #e8ecf2;\r\n  --radius-md: 12px;\r\n  font-family: inherit;\r\n}\r\n.hgo-contact-info__heading {\r\n  font-size: 22px;\r\n  font-weight: 800;\r\n  color: var(--navy);\r\n  margin-bottom: 24px;\r\n  letter-spacing: -0.3px;\r\n}\r\n.hgo-contact-info__cards {\r\n  display: flex;\r\n  flex-direction: column;\r\n  gap: 16px;\r\n  margin-bottom: 32px;\r\n}\r\n.hgo-contact-info__card {\r\n  display: flex;\r\n  align-items: flex-start;\r\n  gap: 16px;\r\n  padding: 20px;\r\n  background: var(--bg-light);\r\n  border-radius: var(--radius-md);\r\n  border: 1px solid var(--border-light);\r\n  transition: all 0.25s ease;\r\n}\r\n.hgo-contact-info__card:hover {\r\n  box-shadow: 0 4px 16px rgba(26, 45, 90, 0.06);\r\n  border-color: rgba(245, 166, 35, 0.2);\r\n}\r\n.hgo-contact-info__card-icon {\r\n  width: 44px;\r\n  height: 44px;\r\n  border-radius: 10px;\r\n  background: var(--gold-soft);\r\n  display: flex;\r\n  align-items: center;\r\n  justify-content: center;\r\n  font-size: 20px;\r\n  flex-shrink: 0;\r\n}\r\n.hgo-contact-info__card-label {\r\n  font-size: 12px;\r\n  font-weight: 700;\r\n  text-transform: uppercase;\r\n  letter-spacing: 1px;\r\n  color: var(--text-light);\r\n  margin-bottom: 4px;\r\n}\r\n.hgo-contact-info__card-value {\r\n  font-size: 15px;\r\n  color: var(--text-primary);\r\n  line-height: 1.5;\r\n  font-weight: 500;\r\n}\r\n.hgo-contact-info__card-value a {\r\n  color: var(--navy);\r\n  text-decoration: none;\r\n  transition: color 0.2s ease;\r\n}\r\n.hgo-contact-info__card-value a:hover {\r\n  color: var(--gold);\r\n}\r\n.hgo-contact-info__socials-label {\r\n  font-size: 14px;\r\n  font-weight: 700;\r\n  color: var(--navy);\r\n  margin-bottom: 12px;\r\n}\r\n.hgo-contact-info__socials {\r\n  display: flex;\r\n  gap: 10px;\r\n}\r\n.hgo-contact-info__social {\r\n  width: 40px;\r\n  height: 40px;\r\n  border-radius: 10px;\r\n  background: var(--bg-light);\r\n  border: 1px solid var(--border-light);\r\n  display: flex;\r\n  align-items: center;\r\n  justify-content: center;\r\n  text-decoration: none;\r\n  font-size: 15px;\r\n  transition: all 0.2s ease;\r\n}\r\n.hgo-contact-info__social:hover {\r\n  background: var(--gold-soft);\r\n  border-color: rgba(245, 166, 35, 0.3);\r\n}\r\n<\/style>\r\n\r\n<div class=\"hgo-contact-info\">\r\n  <h2 class=\"hgo-contact-info__heading\">\u0130leti\u015fim Bilgileri<\/h2>\r\n\r\n  <div class=\"hgo-contact-info__cards\">\r\n    <div class=\"hgo-contact-info__card\">\r\n      <div class=\"hgo-contact-info__card-icon\">\ud83d\udccd<\/div>\r\n      <div>\r\n        <div class=\"hgo-contact-info__card-label\">Adres<\/div>\r\n        <div class=\"hgo-contact-info__card-value\">\r\n          Poligon Mah. Katar Cad. \u0130brahim Cevahir Sok. No: 6 \u0130stinye Sar\u0131yer \/ \u0130stanbul\r\n        <\/div>\r\n      <\/div>\r\n    <\/div>\r\n\r\n    <div class=\"hgo-contact-info__card\">\r\n      <div class=\"hgo-contact-info__card-icon\">\u2709\ufe0f<\/div>\r\n      <div>\r\n        <div class=\"hgo-contact-info__card-label\">E-posta<\/div>\r\n        <div class=\"hgo-contact-info__card-value\">\r\n          <a href=\"mailto:info@hayallergercekolsun.org.tr\">info@hayallergercekolsun.org.tr<\/a>\r\n        <\/div>\r\n      <\/div>\r\n    <\/div>\r\n  <\/div>\r\n\r\n  <div class=\"hgo-contact-info__socials-label\">Sosyal Medya<\/div>\r\n  <div class=\"hgo-contact-info__socials\">\r\n    <a href=\"#facebook\" class=\"hgo-contact-info__social\" aria-label=\"Facebook\">f<\/a>\r\n    <a href=\"#instagram\" class=\"hgo-contact-info__social\" aria-label=\"Instagram\">ig<\/a>\r\n    <a href=\"#twitter\" class=\"hgo-contact-info__social\" aria-label=\"Twitter\">\ud835\udd4f<\/a>\r\n    <a href=\"#youtube\" class=\"hgo-contact-info__social\" aria-label=\"YouTube\">\u25b6<\/a>\r\n    <a href=\"#linkedin\" class=\"hgo-contact-info__social\" aria-label=\"LinkedIn\">in<\/a>\r\n  <\/div>\r\n<\/div>\t\t\t\t<\/div>\n\t\t\t\t<\/div>\n\t\t\t\t<\/div>\n\t\t<div class=\"elementor-element elementor-element-71dab26 e-con-full e-flex e-con e-child\" data-id=\"71dab26\" data-element_type=\"container\" data-e-type=\"container\">\n\t\t\t\t<div class=\"elementor-element elementor-element-747e1f7 elementor-widget elementor-widget-shortcode\" data-id=\"747e1f7\" data-element_type=\"widget\" data-e-type=\"widget\" data-widget_type=\"shortcode.default\">\n\t\t\t\t<div class=\"elementor-widget-container\">\n\t\t\t\t\t\t\t<div class=\"elementor-shortcode\"><div class=\"wpforms-container wpforms-render-modern\" id=\"wpforms-7\"><form id=\"wpforms-form-7\" class=\"wpforms-validate wpforms-form wpforms-ajax-form\" data-formid=\"7\" method=\"post\" enctype=\"multipart\/form-data\" action=\"\/hayallergercekolsun\/wp-json\/wp\/v2\/pages\/830\" data-token=\"8a17528a163a1eda73ce7318fb4332d1\" data-token-time=\"1777638911\"><noscript class=\"wpforms-error-noscript\">Bu formu bitirebilmek i\u00e7in taray\u0131c\u0131n\u0131zda JavaScript&#039;i etkinle\u015ftirin.<\/noscript><div id=\"wpforms-error-noscript\" style=\"display: none;\">Bu formu bitirebilmek i\u00e7in taray\u0131c\u0131n\u0131zda JavaScript&#039;i etkinle\u015ftirin.<\/div><div class=\"wpforms-field-container\"><div id=\"wpforms-7-field_0-container\" class=\"wpforms-field wpforms-field-name\" data-field-id=\"0\"><label class=\"wpforms-field-label wpforms-label-hide\" for=\"wpforms-7-field_0\" aria-hidden=\"false\">Ad\u0131n\u0131z Soyad\u0131n\u0131z <span class=\"wpforms-required-label\" aria-hidden=\"true\">*<\/span><\/label><input type=\"text\" id=\"wpforms-7-field_0\" class=\"wpforms-field-large wpforms-field-required\" name=\"wpforms[fields][0]\" placeholder=\"Ad\u0131n\u0131z Soyad\u0131n\u0131z\" aria-errormessage=\"wpforms-7-field_0-error\" required><\/div><div id=\"wpforms-7-field_3-container\" class=\"wpforms-field wpforms-field-number\" data-field-id=\"3\"><label class=\"wpforms-field-label wpforms-label-hide\" for=\"wpforms-7-field_3\" aria-hidden=\"false\">Telefon<\/label><input type=\"number\" id=\"wpforms-7-field_3\" class=\"wpforms-field-medium\" name=\"wpforms[fields][3]\" placeholder=\"Telefon\" step=\"any\" aria-errormessage=\"wpforms-7-field_3-error\" ><\/div><div id=\"wpforms-7-field_1-container\" class=\"wpforms-field wpforms-field-email\" data-field-id=\"1\"><label class=\"wpforms-field-label wpforms-label-hide\" for=\"wpforms-7-field_1\" aria-hidden=\"false\">Email <span class=\"wpforms-required-label\" aria-hidden=\"true\">*<\/span><\/label><input type=\"email\" id=\"wpforms-7-field_1\" class=\"wpforms-field-large wpforms-field-required\" name=\"wpforms[fields][1]\" placeholder=\"Email\" spellcheck=\"false\" aria-errormessage=\"wpforms-7-field_1-error\" required><\/div><div id=\"wpforms-7-field_2-container\" class=\"wpforms-field wpforms-field-textarea\" data-field-id=\"2\"><label class=\"wpforms-field-label\" for=\"wpforms-7-field_2\">Mesaj <span class=\"wpforms-required-label\" aria-hidden=\"true\">*<\/span><\/label><textarea id=\"wpforms-7-field_2\" class=\"wpforms-field-medium wpforms-field-required\" name=\"wpforms[fields][2]\" placeholder=\"Mesaj\" aria-errormessage=\"wpforms-7-field_2-error\" required><\/textarea><\/div><\/div><!-- .wpforms-field-container --><div class=\"wpforms-submit-container\" ><input type=\"hidden\" name=\"wpforms[id]\" value=\"7\"><input type=\"hidden\" name=\"page_title\" value=\"\"><input type=\"hidden\" name=\"page_url\" value=\"https:\/\/arcworkdigital.com\/hayallergercekolsun\/wp-json\/wp\/v2\/pages\/830\"><input type=\"hidden\" name=\"url_referer\" value=\"\"><button type=\"submit\" name=\"wpforms[submit]\" id=\"wpforms-submit-7\" class=\"wpforms-submit\" data-alt-text=\"G\u00f6nderiliyor...\" data-submit-text=\"G\u00f6nder\" aria-live=\"assertive\" value=\"wpforms-submit\">G\u00f6nder<\/button><img decoding=\"async\" src=\"https:\/\/arcworkdigital.com\/hayallergercekolsun\/wp-content\/plugins\/wpforms-lite\/assets\/images\/submit-spin.svg\" class=\"wpforms-submit-spinner\" style=\"display: none;\" width=\"26\" height=\"26\" alt=\"Y\u00fckleniyor\"><\/div><\/form><\/div>  <!-- .wpforms-container --><\/div>\n\t\t\t\t\t\t<\/div>\n\t\t\t\t<\/div>\n\t\t\t\t<\/div>\n\t\t\t\t\t<\/div>\n\t\t\t\t<\/div>\n\t\t\t\t<\/div>\n\t\t","protected":false},"excerpt":{"rendered":"<p>\u0130leti\u015fim Bize Ula\u015f\u0131n Sorular\u0131n\u0131z, \u00f6nerileriniz veya i\u015fbirli\u011fi talepleriniz i\u00e7in bizimle ileti\u015fime ge\u00e7ebilirsiniz. \u0130leti\u015fim Bilgileri \ud83d\udccd Adres Poligon Mah. Katar Cad. [&hellip;]<\/p>\n","protected":false},"author":1,"featured_media":0,"parent":0,"menu_order":0,"comment_status":"closed","ping_status":"closed","template":"","meta":{"site-sidebar-layout":"no-sidebar","site-content-layout":"","ast-site-content-layout":"full-width-container","site-content-style":"default","site-sidebar-style":"default","ast-global-header-display":"","ast-banner-title-visibility":"","ast-main-header-display":"","ast-hfb-above-header-display":"","ast-hfb-below-header-display":"","ast-hfb-mobile-header-display":"","site-post-title":"","ast-breadcrumbs-content":"","ast-featured-img":"disabled","footer-sml-layout":"","ast-disable-related-posts":"","theme-transparent-header-meta":"","adv-header-id-meta":"","stick-header-meta":"","header-above-stick-meta":"","header-main-stick-meta":"","header-below-stick-meta":"","astra-migrate-meta-layouts":"default","ast-page-background-enabled":"default","ast-page-background-meta":{"desktop":{"background-color":"var(--ast-global-color-4)","background-image":"","background-repeat":"repeat","background-position":"center center","background-size":"auto","background-attachment":"scroll","background-type":"","background-media":"","overlay-type":"","overlay-color":"","overlay-opacity":"","overlay-gradient":""},"tablet":{"background-color":"","background-image":"","background-repeat":"repeat","background-position":"center center","background-size":"auto","background-attachment":"scroll","background-type":"","background-media":"","overlay-type":"","overlay-color":"","overlay-opacity":"","overlay-gradient":""},"mobile":{"background-color":"","background-image":"","background-repeat":"repeat","background-position":"center center","background-size":"auto","background-attachment":"scroll","background-type":"","background-media":"","overlay-type":"","overlay-color":"","overlay-opacity":"","overlay-gradient":""}},"ast-content-background-meta":{"desktop":{"background-color":"var(--ast-global-color-5)","background-image":"","background-repeat":"repeat","background-position":"center center","background-size":"auto","background-attachment":"scroll","background-type":"","background-media":"","overlay-type":"","overlay-color":"","overlay-opacity":"","overlay-gradient":""},"tablet":{"background-color":"var(--ast-global-color-5)","background-image":"","background-repeat":"repeat","background-position":"center center","background-size":"auto","background-attachment":"scroll","background-type":"","background-media":"","overlay-type":"","overlay-color":"","overlay-opacity":"","overlay-gradient":""},"mobile":{"background-color":"var(--ast-global-color-5)","background-image":"","background-repeat":"repeat","background-position":"center center","background-size":"auto","background-attachment":"scroll","background-type":"","background-media":"","overlay-type":"","overlay-color":"","overlay-opacity":"","overlay-gradient":""}},"footnotes":""},"class_list":["post-830","page","type-page","status-publish","hentry"],"_links":{"self":[{"href":"https:\/\/arcworkdigital.com\/hayallergercekolsun\/wp-json\/wp\/v2\/pages\/830","targetHints":{"allow":["GET"]}}],"collection":[{"href":"https:\/\/arcworkdigital.com\/hayallergercekolsun\/wp-json\/wp\/v2\/pages"}],"about":[{"href":"https:\/\/arcworkdigital.com\/hayallergercekolsun\/wp-json\/wp\/v2\/types\/page"}],"author":[{"embeddable":true,"href":"https:\/\/arcworkdigital.com\/hayallergercekolsun\/wp-json\/wp\/v2\/users\/1"}],"replies":[{"embeddable":true,"href":"https:\/\/arcworkdigital.com\/hayallergercekolsun\/wp-json\/wp\/v2\/comments?post=830"}],"version-history":[{"count":10,"href":"https:\/\/arcworkdigital.com\/hayallergercekolsun\/wp-json\/wp\/v2\/pages\/830\/revisions"}],"predecessor-version":[{"id":969,"href":"https:\/\/arcworkdigital.com\/hayallergercekolsun\/wp-json\/wp\/v2\/pages\/830\/revisions\/969"}],"wp:attachment":[{"href":"https:\/\/arcworkdigital.com\/hayallergercekolsun\/wp-json\/wp\/v2\/media?parent=830"}],"curies":[{"name":"wp","href":"https:\/\/api.w.org\/{rel}","templated":true}]}}